{"id":3,"date":"2025-08-10T20:04:50","date_gmt":"2025-08-10T20:04:50","guid":{"rendered":"https:\/\/imapower.fr\/?page_id=3"},"modified":"2026-03-25T09:46:59","modified_gmt":"2026-03-25T09:46:59","slug":"privacy-policy","status":"publish","type":"page","link":"https:\/\/imapower.fr\/index.php\/privacy-policy\/","title":{"rendered":"Politique de confidentialit\u00e9"},"content":{"rendered":"<h2 style=\"caret-color: #000000; color: #000000;\">1. Responsable du traitement<\/h2>\n<p style=\"caret-color: #000000; color: #000000;\">Le responsable du traitement des donn\u00e9es est :<\/p>\n<p style=\"caret-color: #000000; color: #000000;\"><strong>IMA Power<\/strong><br \/>Adresse : 40 Rue Jean Monnet, 68200 Mulhouse, France<br \/>Email :\u00a0<a href=\"mailto:m.izri@imapower.fr\">m.izri@imapower.fr<\/a><br \/>T\u00e9l\u00e9phone : 07 58 24 12 08<\/p>\n<p>\u00a0<\/p>\n<hr \/>\n<h2 style=\"caret-color: #000000; color: #000000;\">2. Donn\u00e9es personnelles collect\u00e9es<\/h2>\n<p style=\"caret-color: #000000; color: #000000;\">Nous pouvons collecter les donn\u00e9es suivantes :<\/p>\n<h3 style=\"caret-color: #000000; color: #000000;\">a) Donn\u00e9es fournies volontairement<\/h3>\n<ul style=\"caret-color: #000000; color: #000000;\" data-spread=\"false\">\n<li>Nom et pr\u00e9nom<\/li>\n<li>Adresse email<\/li>\n<li>Num\u00e9ro de t\u00e9l\u00e9phone<\/li>\n<li>Adresse (dans le cadre d\u2019un devis)<\/li>\n<li>Toute information transmise via les formulaires (contact, demande de devis)<\/li>\n<\/ul>\n<h3 style=\"caret-color: #000000; color: #000000;\">b) Donn\u00e9es collect\u00e9es automatiquement<\/h3>\n<ul style=\"caret-color: #000000; color: #000000;\" data-spread=\"false\">\n<li>Adresse IP<\/li>\n<li>Donn\u00e9es de navigation (pages consult\u00e9es, dur\u00e9e, clics)<\/li>\n<li>Donn\u00e9es via cookies et traceurs<\/li>\n<\/ul>\n<hr \/>\n<h2 style=\"caret-color: #000000; color: #000000;\">3. Finalit\u00e9s du traitement<\/h2>\n<p style=\"caret-color: #000000; color: #000000;\">Les donn\u00e9es collect\u00e9es sont utilis\u00e9es pour :<\/p>\n<ul style=\"caret-color: #000000; color: #000000;\" data-spread=\"false\">\n<li>R\u00e9pondre aux demandes de contact<\/li>\n<li>\u00c9tablir des devis personnalis\u00e9s<\/li>\n<li>Fournir les services propos\u00e9s (installation, accompagnement \u00e9nerg\u00e9tique)<\/li>\n<li>Am\u00e9liorer le site et l\u2019exp\u00e9rience utilisateur<\/li>\n<li>R\u00e9aliser des statistiques d\u2019audience<\/li>\n<li>Assurer la s\u00e9curit\u00e9 du site<\/li>\n<\/ul>\n<hr \/>\n<h2 style=\"caret-color: #000000; color: #000000;\">4. Base l\u00e9gale du traitement<\/h2>\n<p style=\"caret-color: #000000; color: #000000;\">Conform\u00e9ment au RGPD, les traitements reposent sur :<\/p>\n<ul style=\"caret-color: #000000; color: #000000;\" data-spread=\"false\">\n<li><strong>Le consentement<\/strong>\u00a0(formulaire, cookies)<\/li>\n<li><strong>L\u2019ex\u00e9cution d\u2019un contrat ou de mesures pr\u00e9contractuelles<\/strong>\u00a0(demande de devis)<\/li>\n<li><strong>L\u2019int\u00e9r\u00eat l\u00e9gitime<\/strong>\u00a0(am\u00e9lioration du site, s\u00e9curit\u00e9)<\/li>\n<\/ul>\n<hr \/>\n<h2 style=\"caret-color: #000000; color: #000000;\">5. Dur\u00e9e de conservation des donn\u00e9es<\/h2>\n<p style=\"caret-color: #000000; color: #000000;\">Les donn\u00e9es sont conserv\u00e9es pendant une dur\u00e9e limit\u00e9e :<\/p>\n<ul style=\"caret-color: #000000; color: #000000;\" data-spread=\"false\">\n<li>Donn\u00e9es prospects \/ contacts :\u00a0<strong>3 ans apr\u00e8s le dernier contact<\/strong><\/li>\n<li>Donn\u00e9es clients :\u00a0<strong>dur\u00e9e de la relation contractuelle + obligations l\u00e9gales<\/strong><\/li>\n<li>Cookies :\u00a0<strong>maximum 13 mois<\/strong><\/li>\n<\/ul>\n<hr \/>\n<h2 style=\"caret-color: #000000; color: #000000;\">6. Destinataires des donn\u00e9es<\/h2>\n<p style=\"caret-color: #000000; color: #000000;\">Les donn\u00e9es sont destin\u00e9es uniquement \u00e0 :<\/p>\n<ul style=\"caret-color: #000000; color: #000000;\" data-spread=\"false\">\n<li>IMA Power<\/li>\n<li>Prestataires techniques (h\u00e9bergement web, maintenance)<\/li>\n<li>Outils d\u2019analyse (ex : Google Analytics, si utilis\u00e9)<\/li>\n<\/ul>\n<p style=\"caret-color: #000000; color: #000000;\">Les donn\u00e9es ne sont\u00a0<strong>jamais vendues ni c\u00e9d\u00e9es \u00e0 des tiers<\/strong>.<\/p>\n<p>\u00a0<\/p>\n<hr \/>\n<h2 style=\"caret-color: #000000; color: #000000;\">7. H\u00e9bergement des donn\u00e9es<\/h2>\n<p>Le site est h\u00e9berg\u00e9 par :<\/p>\n<p><strong>Hostinger International Ltd.<\/strong><br \/>Adresse : 61 Lordou Vironos Street, 6023 Larnaca, Chypre<br \/>Site web : <a href=\"https:\/\/www.hostinger.fr\/\">https:\/\/www.hostinger.fr<\/a><\/p>\n<p>\u00a0<\/p>\n<hr \/>\n<h2 style=\"caret-color: #000000; color: #000000;\">8. Cookies et traceurs<\/h2>\n<p style=\"caret-color: #000000; color: #000000;\">Le site utilise des cookies pour :<\/p>\n<ul style=\"caret-color: #000000; color: #000000;\" data-spread=\"false\">\n<li>Assurer le bon fonctionnement du site<\/li>\n<li>Mesurer l\u2019audience<\/li>\n<li>Am\u00e9liorer les performances<\/li>\n<\/ul>\n<p style=\"caret-color: #000000; color: #000000;\">Lors de votre premi\u00e8re visite, un bandeau vous permet d\u2019accepter ou refuser les cookies.<\/p>\n<p style=\"caret-color: #000000; color: #000000;\">Vous pouvez \u00e9galement modifier vos pr\u00e9f\u00e9rences \u00e0 tout moment via les param\u00e8tres de votre navigateur.<\/p>\n<p>\u00a0<\/p>\n<hr \/>\n<h2 style=\"caret-color: #000000; color: #000000;\">9. S\u00e9curit\u00e9 des donn\u00e9es<\/h2>\n<p style=\"caret-color: #000000; color: #000000;\">IMA Power met en \u0153uvre toutes les mesures techniques et organisationnelles appropri\u00e9es pour garantir la s\u00e9curit\u00e9 des donn\u00e9es personnelles et emp\u00eacher tout acc\u00e8s non autoris\u00e9, perte ou divulgation.<\/p>\n<p>\u00a0<\/p>\n<hr \/>\n<h2 style=\"caret-color: #000000; color: #000000;\">10. Vos droits<\/h2>\n<p style=\"caret-color: #000000; color: #000000;\">Conform\u00e9ment au RGPD, vous disposez des droits suivants :<\/p>\n<ul style=\"caret-color: #000000; color: #000000;\" data-spread=\"false\">\n<li>Droit d\u2019acc\u00e8s \u00e0 vos donn\u00e9es<\/li>\n<li>Droit de rectification<\/li>\n<li>Droit de suppression (droit \u00e0 l\u2019oubli)<\/li>\n<li>Droit d\u2019opposition<\/li>\n<li>Droit \u00e0 la limitation du traitement<\/li>\n<li>Droit \u00e0 la portabilit\u00e9 des donn\u00e9es<\/li>\n<\/ul>\n<p style=\"caret-color: #000000; color: #000000;\">Vous pouvez exercer vos droits en envoyant une demande \u00e0 :<\/p>\n<p style=\"caret-color: #000000; color: #000000;\"><a href=\"mailto:m.izri@imapower.fr\">m.izri@imapower.fr<\/a><\/p>\n<p style=\"caret-color: #000000; color: #000000;\">Une r\u00e9ponse vous sera apport\u00e9e dans un d\u00e9lai maximum de 30 jours.<\/p>\n<p>\u00a0<\/p>\n<hr \/>\n<h2 style=\"caret-color: #000000; color: #000000;\">11. R\u00e9clamation<\/h2>\n<p style=\"caret-color: #000000; color: #000000;\">Si vous estimez que vos droits ne sont pas respect\u00e9s, vous pouvez introduire une r\u00e9clamation aupr\u00e8s de :<\/p>\n<p style=\"caret-color: #000000; color: #000000;\"><strong>CNIL (Commission Nationale de l\u2019Informatique et des Libert\u00e9s)<\/strong><br \/>Site :\u00a0<a href=\"https:\/\/www.cnil.fr\/\">https:\/\/www.cnil.fr<\/a><\/p>\n<p>\u00a0<\/p>\n<hr \/>\n<h2 style=\"caret-color: #000000; color: #000000;\">12. Modification de la politique<\/h2>\n<p style=\"caret-color: #000000; color: #000000;\">IMA Power se r\u00e9serve le droit de modifier la pr\u00e9sente politique \u00e0 tout moment afin de garantir sa conformit\u00e9 avec la l\u00e9gislation en vigueur.<\/p>\n<p style=\"caret-color: #000000; color: #000000;\">La version applicable est celle publi\u00e9e sur le site \u00e0 la date de consultation.<\/p>\n\n    <div class=\"xs_social_share_widget xs_share_url after_content \t\tmain_content  wslu-style-1 wslu-share-box-shaped wslu-fill-colored wslu-none wslu-share-horizontal wslu-theme-font-no wslu-main_content\">\n\n\t\t\n        <ul>\n\t\t\t        <\/ul>\n    <\/div> \n","protected":false},"excerpt":{"rendered":"<p>1. Responsable du traitement Le responsable du traitement des donn\u00e9es est : IMA PowerAdresse : 40 Rue Jean Monnet, 68200 Mulhouse, FranceEmail :\u00a0m.izri@imapower.frT\u00e9l\u00e9phone : 07<span class=\"more-dots\">&#8230;<\/span> <span class=\"more-tag\"><a class=\"more-link\" href=\"https:\/\/imapower.fr\/index.php\/privacy-policy\/\">Lire la suite<span class=\"screen-reader-text\"> \"Politique de confidentialit\u00e9\"<\/span><\/a><\/span><!-- .more-tag --><\/p>\n","protected":false},"author":1,"featured_media":0,"parent":0,"menu_order":0,"comment_status":"closed","ping_status":"open","template":"","meta":{"footnotes":""},"class_list":["post-3","page","type-page","status-publish","hentry"],"yoast_head":"<!-- This site is optimized with the Yoast SEO plugin v25.6 - https:\/\/yoast.com\/wordpress\/plugins\/seo\/ -->\n<title>Politique de confidentialit\u00e9 - Votre partenaire en solutions \u00e9nerg\u00e9tiques durables<\/title>\n<meta name=\"robots\" content=\"index, follow, max-snippet:-1, max-image-preview:large, max-video-preview:-1\" \/>\n<link rel=\"canonical\" href=\"https:\/\/imapower.fr\/index.php\/privacy-policy\/\" \/>\n<meta property=\"og:locale\" content=\"fr_FR\" \/>\n<meta property=\"og:type\" content=\"article\" \/>\n<meta property=\"og:title\" content=\"Politique de confidentialit\u00e9 - Votre partenaire en solutions \u00e9nerg\u00e9tiques durables\" \/>\n<meta property=\"og:description\" content=\"1. Responsable du traitement Le responsable du traitement des donn\u00e9es est : IMA PowerAdresse : 40 Rue Jean Monnet, 68200 Mulhouse, FranceEmail :\u00a0m.izri@imapower.frT\u00e9l\u00e9phone : 07...\" \/>\n<meta property=\"og:url\" content=\"https:\/\/imapower.fr\/index.php\/privacy-policy\/\" \/>\n<meta property=\"article:publisher\" content=\"https:\/\/www.facebook.com\/people\/IMA-Power\/100063542802466\/\" \/>\n<meta property=\"article:modified_time\" content=\"2026-03-25T09:46:59+00:00\" \/>\n<meta property=\"og:image\" content=\"https:\/\/imapower.fr\/wp-content\/uploads\/2025\/08\/cropped-cropped-photo_2025-08-05_23-14-07.jpg\" \/>\n\t<meta property=\"og:image:width\" content=\"1277\" \/>\n\t<meta property=\"og:image:height\" content=\"891\" \/>\n\t<meta property=\"og:image:type\" content=\"image\/jpeg\" \/>\n<meta name=\"twitter:card\" content=\"summary_large_image\" \/>\n<meta name=\"twitter:label1\" content=\"Dur\u00e9e de lecture estim\u00e9e\" \/>\n\t<meta name=\"twitter:data1\" content=\"3 minutes\" \/>\n<script type=\"application\/ld+json\" class=\"yoast-schema-graph\">{\"@context\":\"https:\/\/schema.org\",\"@graph\":[{\"@type\":\"WebPage\",\"@id\":\"https:\/\/imapower.fr\/index.php\/privacy-policy\/\",\"url\":\"https:\/\/imapower.fr\/index.php\/privacy-policy\/\",\"name\":\"Politique de confidentialit\u00e9 - Votre partenaire en solutions \u00e9nerg\u00e9tiques durables\",\"isPartOf\":{\"@id\":\"https:\/\/imapower.fr\/#website\"},\"datePublished\":\"2025-08-10T20:04:50+00:00\",\"dateModified\":\"2026-03-25T09:46:59+00:00\",\"breadcrumb\":{\"@id\":\"https:\/\/imapower.fr\/index.php\/privacy-policy\/#breadcrumb\"},\"inLanguage\":\"fr-FR\",\"potentialAction\":[{\"@type\":\"ReadAction\",\"target\":[\"https:\/\/imapower.fr\/index.php\/privacy-policy\/\"]}]},{\"@type\":\"BreadcrumbList\",\"@id\":\"https:\/\/imapower.fr\/index.php\/privacy-policy\/#breadcrumb\",\"itemListElement\":[{\"@type\":\"ListItem\",\"position\":1,\"name\":\"Home\",\"item\":\"https:\/\/imapower.fr\/\"},{\"@type\":\"ListItem\",\"position\":2,\"name\":\"Politique de confidentialit\u00e9\"}]},{\"@type\":\"WebSite\",\"@id\":\"https:\/\/imapower.fr\/#website\",\"url\":\"https:\/\/imapower.fr\/\",\"name\":\"imapower.fr\",\"description\":\"Votre partenaire en solutions \u00e9nerg\u00e9tiques durables\",\"publisher\":{\"@id\":\"https:\/\/imapower.fr\/#organization\"},\"potentialAction\":[{\"@type\":\"SearchAction\",\"target\":{\"@type\":\"EntryPoint\",\"urlTemplate\":\"https:\/\/imapower.fr\/?s={search_term_string}\"},\"query-input\":{\"@type\":\"PropertyValueSpecification\",\"valueRequired\":true,\"valueName\":\"search_term_string\"}}],\"inLanguage\":\"fr-FR\"},{\"@type\":\"Organization\",\"@id\":\"https:\/\/imapower.fr\/#organization\",\"name\":\"IMA POWER\",\"url\":\"https:\/\/imapower.fr\/\",\"logo\":{\"@type\":\"ImageObject\",\"inLanguage\":\"fr-FR\",\"@id\":\"https:\/\/imapower.fr\/#\/schema\/logo\/image\/\",\"url\":\"https:\/\/imapower.fr\/wp-content\/uploads\/2025\/08\/logo-icon2.png\",\"contentUrl\":\"https:\/\/imapower.fr\/wp-content\/uploads\/2025\/08\/logo-icon2.png\",\"width\":462,\"height\":462,\"caption\":\"IMA POWER\"},\"image\":{\"@id\":\"https:\/\/imapower.fr\/#\/schema\/logo\/image\/\"},\"sameAs\":[\"https:\/\/www.facebook.com\/people\/IMA-Power\/100063542802466\/\",\"https:\/\/fr.linkedin.com\/company\/ima-power\"]}]}<\/script>\n<!-- \/ Yoast SEO plugin. -->","yoast_head_json":{"title":"Politique de confidentialit\u00e9 - Votre partenaire en solutions \u00e9nerg\u00e9tiques durables","robots":{"index":"index","follow":"follow","max-snippet":"max-snippet:-1","max-image-preview":"max-image-preview:large","max-video-preview":"max-video-preview:-1"},"canonical":"https:\/\/imapower.fr\/index.php\/privacy-policy\/","og_locale":"fr_FR","og_type":"article","og_title":"Politique de confidentialit\u00e9 - Votre partenaire en solutions \u00e9nerg\u00e9tiques durables","og_description":"1. Responsable du traitement Le responsable du traitement des donn\u00e9es est : IMA PowerAdresse : 40 Rue Jean Monnet, 68200 Mulhouse, FranceEmail :\u00a0m.izri@imapower.frT\u00e9l\u00e9phone : 07...","og_url":"https:\/\/imapower.fr\/index.php\/privacy-policy\/","article_publisher":"https:\/\/www.facebook.com\/people\/IMA-Power\/100063542802466\/","article_modified_time":"2026-03-25T09:46:59+00:00","og_image":[{"width":1277,"height":891,"url":"https:\/\/imapower.fr\/wp-content\/uploads\/2025\/08\/cropped-cropped-photo_2025-08-05_23-14-07.jpg","type":"image\/jpeg"}],"twitter_card":"summary_large_image","twitter_misc":{"Dur\u00e9e de lecture estim\u00e9e":"3 minutes"},"schema":{"@context":"https:\/\/schema.org","@graph":[{"@type":"WebPage","@id":"https:\/\/imapower.fr\/index.php\/privacy-policy\/","url":"https:\/\/imapower.fr\/index.php\/privacy-policy\/","name":"Politique de confidentialit\u00e9 - Votre partenaire en solutions \u00e9nerg\u00e9tiques durables","isPartOf":{"@id":"https:\/\/imapower.fr\/#website"},"datePublished":"2025-08-10T20:04:50+00:00","dateModified":"2026-03-25T09:46:59+00:00","breadcrumb":{"@id":"https:\/\/imapower.fr\/index.php\/privacy-policy\/#breadcrumb"},"inLanguage":"fr-FR","potentialAction":[{"@type":"ReadAction","target":["https:\/\/imapower.fr\/index.php\/privacy-policy\/"]}]},{"@type":"BreadcrumbList","@id":"https:\/\/imapower.fr\/index.php\/privacy-policy\/#breadcrumb","itemListElement":[{"@type":"ListItem","position":1,"name":"Home","item":"https:\/\/imapower.fr\/"},{"@type":"ListItem","position":2,"name":"Politique de confidentialit\u00e9"}]},{"@type":"WebSite","@id":"https:\/\/imapower.fr\/#website","url":"https:\/\/imapower.fr\/","name":"imapower.fr","description":"Votre partenaire en solutions \u00e9nerg\u00e9tiques durables","publisher":{"@id":"https:\/\/imapower.fr\/#organization"},"potentialAction":[{"@type":"SearchAction","target":{"@type":"EntryPoint","urlTemplate":"https:\/\/imapower.fr\/?s={search_term_string}"},"query-input":{"@type":"PropertyValueSpecification","valueRequired":true,"valueName":"search_term_string"}}],"inLanguage":"fr-FR"},{"@type":"Organization","@id":"https:\/\/imapower.fr\/#organization","name":"IMA POWER","url":"https:\/\/imapower.fr\/","logo":{"@type":"ImageObject","inLanguage":"fr-FR","@id":"https:\/\/imapower.fr\/#\/schema\/logo\/image\/","url":"https:\/\/imapower.fr\/wp-content\/uploads\/2025\/08\/logo-icon2.png","contentUrl":"https:\/\/imapower.fr\/wp-content\/uploads\/2025\/08\/logo-icon2.png","width":462,"height":462,"caption":"IMA POWER"},"image":{"@id":"https:\/\/imapower.fr\/#\/schema\/logo\/image\/"},"sameAs":["https:\/\/www.facebook.com\/people\/IMA-Power\/100063542802466\/","https:\/\/fr.linkedin.com\/company\/ima-power"]}]}},"_links":{"self":[{"href":"https:\/\/imapower.fr\/index.php\/wp-json\/wp\/v2\/pages\/3","targetHints":{"allow":["GET"]}}],"collection":[{"href":"https:\/\/imapower.fr\/index.php\/wp-json\/wp\/v2\/pages"}],"about":[{"href":"https:\/\/imapower.fr\/index.php\/wp-json\/wp\/v2\/types\/page"}],"author":[{"embeddable":true,"href":"https:\/\/imapower.fr\/index.php\/wp-json\/wp\/v2\/users\/1"}],"replies":[{"embeddable":true,"href":"https:\/\/imapower.fr\/index.php\/wp-json\/wp\/v2\/comments?post=3"}],"version-history":[{"count":5,"href":"https:\/\/imapower.fr\/index.php\/wp-json\/wp\/v2\/pages\/3\/revisions"}],"predecessor-version":[{"id":719,"href":"https:\/\/imapower.fr\/index.php\/wp-json\/wp\/v2\/pages\/3\/revisions\/719"}],"wp:attachment":[{"href":"https:\/\/imapower.fr\/index.php\/wp-json\/wp\/v2\/media?parent=3"}],"curies":[{"name":"wp","href":"https:\/\/api.w.org\/{rel}","templated":true}]}}